{"id":460,"date":"2019-08-26T17:18:33","date_gmt":"2019-08-26T17:18:33","guid":{"rendered":"http:\/\/www.politicom.ca\/?page_id=460"},"modified":"2019-08-28T18:07:16","modified_gmt":"2019-08-28T18:07:16","slug":"stories","status":"publish","type":"page","link":"https:\/\/www.politicom.ca\/fr\/stories\/","title":{"rendered":"STORIES"},"content":{"rendered":"<div data-elementor-type=\"wp-post\" data-elementor-id=\"460\" class=\"elementor elementor-460\" data-elementor-post-type=\"page\">\n\t\t\t\t\t\t\t\t\t<section data-particle_enable=\"false\" data-particle-mobile-disabled=\"false\" class=\"elementor-section elementor-top-section elementor-element elementor-element-d89a2a1 elementor-section-boxed elementor-section-height-default elementor-section-height-default\" data-id=\"d89a2a1\" data-element_type=\"section\">\n\t\t\t\t\t\t<div class=\"elementor-container elementor-column-gap-default\">\n\t\t\t\t\t<div class=\"elementor-column elementor-col-100 elementor-top-column elementor-element elementor-element-f3f7787\" data-id=\"f3f7787\" data-element_type=\"column\">\n\t\t\t<div class=\"elementor-widget-wrap elementor-element-populated\">\n\t\t\t\t\t\t\t\t<div class=\"elementor-element elementor-element-70b2bab elementor-widget elementor-widget-spacer\" data-id=\"70b2bab\" data-element_type=\"widget\" data-widget_type=\"spacer.default\">\n\t\t\t\t<div class=\"elementor-widget-container\">\n\t\t\t\t\t<div class=\"elementor-spacer\">\n\t\t\t<div class=\"elementor-spacer-inner\"><\/div>\n\t\t<\/div>\n\t\t\t\t<\/div>\n\t\t\t\t<\/div>\n\t\t\t\t<div class=\"elementor-element elementor-element-9e12c87 elementor-grid-3 elementor-grid-tablet-2 elementor-grid-mobile-1 elementor-posts--thumbnail-top elementor-posts--show-avatar elementor-card-shadow-yes elementor-posts__hover-gradient elementor-widget elementor-widget-posts\" data-id=\"9e12c87\" data-element_type=\"widget\" data-settings=\"{&quot;cards_columns&quot;:&quot;3&quot;,&quot;cards_columns_tablet&quot;:&quot;2&quot;,&quot;cards_columns_mobile&quot;:&quot;1&quot;,&quot;cards_row_gap&quot;:{&quot;unit&quot;:&quot;px&quot;,&quot;size&quot;:35,&quot;sizes&quot;:[]},&quot;cards_row_gap_tablet&quot;:{&quot;unit&quot;:&quot;px&quot;,&quot;size&quot;:&quot;&quot;,&quot;sizes&quot;:[]},&quot;cards_row_gap_mobile&quot;:{&quot;unit&quot;:&quot;px&quot;,&quot;size&quot;:&quot;&quot;,&quot;sizes&quot;:[]}}\" data-widget_type=\"posts.cards\">\n\t\t\t\t<div class=\"elementor-widget-container\">\n\t\t\t\t\t<div class=\"elementor-posts-container elementor-posts elementor-posts--skin-cards elementor-grid\">\n\t\t\t\t<article class=\"elementor-post elementor-grid-item post-1690 post type-post status-publish format-standard has-post-thumbnail hentry category-stories entry\">\n\t\t\t<div class=\"elementor-post__card\">\n\t\t\t\t<a class=\"elementor-post__thumbnail__link\" href=\"https:\/\/www.politicom.ca\/fr\/2025\/10\/23\/amid-global-uncertainty-imf-and-world-bank-convene-for-high-level-discussions-in-washington-d-c\/\" ><div class=\"elementor-post__thumbnail\"><img loading=\"lazy\" decoding=\"async\" width=\"225\" height=\"300\" src=\"https:\/\/www.politicom.ca\/wp-content\/uploads\/2025\/10\/05bea16ea9574e9d816a4793e73976d1_11zon-225x300.jpg\" class=\"attachment-medium size-medium wp-image-1663\" alt=\"\" srcset=\"https:\/\/www.politicom.ca\/wp-content\/uploads\/2025\/10\/05bea16ea9574e9d816a4793e73976d1_11zon-225x300.jpg 225w, https:\/\/www.politicom.ca\/wp-content\/uploads\/2025\/10\/05bea16ea9574e9d816a4793e73976d1_11zon-9x12.jpg 9w, https:\/\/www.politicom.ca\/wp-content\/uploads\/2025\/10\/05bea16ea9574e9d816a4793e73976d1_11zon.jpg 768w\" sizes=\"(max-width: 34.9rem) calc(100vw - 2rem), (max-width: 53rem) calc(8 * (100vw \/ 12)), (min-width: 53rem) calc(6 * (100vw \/ 12)), 100vw\" \/><\/div><\/a>\n\t\t\t\t<div class=\"elementor-post__badge\">stories<\/div>\n\t\t\t\t<div class=\"elementor-post__avatar\">\n\t\t\t<img alt='cwd-dev' src='https:\/\/secure.gravatar.com\/avatar\/56b581cea9e491cddbef9f338965798e?s=128&#038;d=mm&#038;r=g' srcset='https:\/\/secure.gravatar.com\/avatar\/56b581cea9e491cddbef9f338965798e?s=256&#038;d=mm&#038;r=g 2x' class='avatar avatar-128 photo' height='128' width='128' \/>\t\t<\/div>\n\t\t\t\t<div class=\"elementor-post__text\">\n\t\t\t\t<h3 class=\"elementor-post__title\">\n\t\t\t<a href=\"https:\/\/www.politicom.ca\/fr\/2025\/10\/23\/amid-global-uncertainty-imf-and-world-bank-convene-for-high-level-discussions-in-washington-d-c\/\" >\n\t\t\t\tAmid Global Uncertainty, IMF and World Bank Convene for High-Level Discussions in Washington D.C.\t\t\t<\/a>\n\t\t<\/h3>\n\t\t\t\t<div class=\"elementor-post__excerpt\">\n\t\t\t\t\t<\/div>\n\t\t\n\t\t<a class=\"elementor-post__read-more\" href=\"https:\/\/www.politicom.ca\/fr\/2025\/10\/23\/amid-global-uncertainty-imf-and-world-bank-convene-for-high-level-discussions-in-washington-d-c\/\" aria-label=\"Read more about Amid Global Uncertainty, IMF and World Bank Convene for High-Level Discussions in Washington D.C.\" >\n\t\t\tRead More \u00bb\t\t<\/a>\n\n\t\t\t\t<\/div>\n\t\t\t\t<div class=\"elementor-post__meta-data\">\n\t\t\t\t\t<span class=\"elementor-post-date\">\n\t\t\toctobre 23, 2025\t\t<\/span>\n\t\t\t\t<span class=\"elementor-post-avatar\">\n\t\t\tPas de commentaire\t\t<\/span>\n\t\t\t\t<\/div>\n\t\t\t\t\t<\/div>\n\t\t<\/article>\n\t\t\t\t<article class=\"elementor-post elementor-grid-item post-1624 post type-post status-publish format-standard has-post-thumbnail hentry category-stories entry\">\n\t\t\t<div class=\"elementor-post__card\">\n\t\t\t\t<a class=\"elementor-post__thumbnail__link\" href=\"https:\/\/www.politicom.ca\/fr\/2024\/12\/15\/the-doha-forum-2024-a-global-platform-for-inclusive-dialogue-and-diplomacy\/\" ><div class=\"elementor-post__thumbnail\"><img loading=\"lazy\" decoding=\"async\" width=\"300\" height=\"200\" src=\"https:\/\/www.politicom.ca\/wp-content\/uploads\/2024\/12\/IMG_5086-300x200.jpg\" class=\"attachment-medium size-medium wp-image-1625\" alt=\"\" srcset=\"https:\/\/www.politicom.ca\/wp-content\/uploads\/2024\/12\/IMG_5086-300x200.jpg 300w, https:\/\/www.politicom.ca\/wp-content\/uploads\/2024\/12\/IMG_5086-1024x683.jpg 1024w, https:\/\/www.politicom.ca\/wp-content\/uploads\/2024\/12\/IMG_5086-768x512.jpg 768w, https:\/\/www.politicom.ca\/wp-content\/uploads\/2024\/12\/IMG_5086-1536x1024.jpg 1536w, https:\/\/www.politicom.ca\/wp-content\/uploads\/2024\/12\/IMG_5086-18x12.jpg 18w, https:\/\/www.politicom.ca\/wp-content\/uploads\/2024\/12\/IMG_5086-1568x1045.jpg 1568w, https:\/\/www.politicom.ca\/wp-content\/uploads\/2024\/12\/IMG_5086.jpg 2048w\" sizes=\"(max-width: 34.9rem) calc(100vw - 2rem), (max-width: 53rem) calc(8 * (100vw \/ 12)), (min-width: 53rem) calc(6 * (100vw \/ 12)), 100vw\" \/><\/div><\/a>\n\t\t\t\t<div class=\"elementor-post__badge\">stories<\/div>\n\t\t\t\t<div class=\"elementor-post__avatar\">\n\t\t\t<img alt='cwd-dev' src='https:\/\/secure.gravatar.com\/avatar\/56b581cea9e491cddbef9f338965798e?s=128&#038;d=mm&#038;r=g' srcset='https:\/\/secure.gravatar.com\/avatar\/56b581cea9e491cddbef9f338965798e?s=256&#038;d=mm&#038;r=g 2x' class='avatar avatar-128 photo' height='128' width='128' \/>\t\t<\/div>\n\t\t\t\t<div class=\"elementor-post__text\">\n\t\t\t\t<h3 class=\"elementor-post__title\">\n\t\t\t<a href=\"https:\/\/www.politicom.ca\/fr\/2024\/12\/15\/the-doha-forum-2024-a-global-platform-for-inclusive-dialogue-and-diplomacy\/\" >\n\t\t\t\tThe Doha Forum 2024\u00a0: A global platform for inclusive dialogue and diplomacy\t\t\t<\/a>\n\t\t<\/h3>\n\t\t\t\t<div class=\"elementor-post__excerpt\">\n\t\t\t<p>On December 7-8th, the capital city of Qatar was the central nerve of international relations and global politicsWorld leaders, policymakers, thought leaders, and civil society<\/p>\n\t\t<\/div>\n\t\t\n\t\t<a class=\"elementor-post__read-more\" href=\"https:\/\/www.politicom.ca\/fr\/2024\/12\/15\/the-doha-forum-2024-a-global-platform-for-inclusive-dialogue-and-diplomacy\/\" aria-label=\"Read more about The Doha Forum 2024\u00a0: A global platform for inclusive dialogue and diplomacy\" >\n\t\t\tRead More \u00bb\t\t<\/a>\n\n\t\t\t\t<\/div>\n\t\t\t\t<div class=\"elementor-post__meta-data\">\n\t\t\t\t\t<span class=\"elementor-post-date\">\n\t\t\td\u00e9cembre 15, 2024\t\t<\/span>\n\t\t\t\t<span class=\"elementor-post-avatar\">\n\t\t\tPas de commentaire\t\t<\/span>\n\t\t\t\t<\/div>\n\t\t\t\t\t<\/div>\n\t\t<\/article>\n\t\t\t\t<article class=\"elementor-post elementor-grid-item post-1602 post type-post status-publish format-standard has-post-thumbnail hentry category-stories entry\">\n\t\t\t<div class=\"elementor-post__card\">\n\t\t\t\t<a class=\"elementor-post__thumbnail__link\" href=\"https:\/\/www.politicom.ca\/fr\/2023\/04\/18\/haitians-abroad-exploring-the-role-of-the-diaspora-in-fostering-peace-security-and-democracy-in-haiti\/\" ><div class=\"elementor-post__thumbnail\"><img loading=\"lazy\" decoding=\"async\" width=\"300\" height=\"225\" src=\"https:\/\/www.politicom.ca\/wp-content\/uploads\/2023\/04\/2eabd601-7f45-48b4-9ffd-5a83a8547493-300x225.jpg\" class=\"attachment-medium size-medium wp-image-1598\" alt=\"\" srcset=\"https:\/\/www.politicom.ca\/wp-content\/uploads\/2023\/04\/2eabd601-7f45-48b4-9ffd-5a83a8547493-300x225.jpg 300w, https:\/\/www.politicom.ca\/wp-content\/uploads\/2023\/04\/2eabd601-7f45-48b4-9ffd-5a83a8547493-1024x768.jpg 1024w, https:\/\/www.politicom.ca\/wp-content\/uploads\/2023\/04\/2eabd601-7f45-48b4-9ffd-5a83a8547493-768x576.jpg 768w, https:\/\/www.politicom.ca\/wp-content\/uploads\/2023\/04\/2eabd601-7f45-48b4-9ffd-5a83a8547493-1536x1152.jpg 1536w, https:\/\/www.politicom.ca\/wp-content\/uploads\/2023\/04\/2eabd601-7f45-48b4-9ffd-5a83a8547493-16x12.jpg 16w, https:\/\/www.politicom.ca\/wp-content\/uploads\/2023\/04\/2eabd601-7f45-48b4-9ffd-5a83a8547493-1568x1176.jpg 1568w, https:\/\/www.politicom.ca\/wp-content\/uploads\/2023\/04\/2eabd601-7f45-48b4-9ffd-5a83a8547493.jpg 2048w\" sizes=\"(max-width: 34.9rem) calc(100vw - 2rem), (max-width: 53rem) calc(8 * (100vw \/ 12)), (min-width: 53rem) calc(6 * (100vw \/ 12)), 100vw\" \/><\/div><\/a>\n\t\t\t\t<div class=\"elementor-post__badge\">stories<\/div>\n\t\t\t\t<div class=\"elementor-post__avatar\">\n\t\t\t<img alt='cwd-dev' src='https:\/\/secure.gravatar.com\/avatar\/56b581cea9e491cddbef9f338965798e?s=128&#038;d=mm&#038;r=g' srcset='https:\/\/secure.gravatar.com\/avatar\/56b581cea9e491cddbef9f338965798e?s=256&#038;d=mm&#038;r=g 2x' class='avatar avatar-128 photo' height='128' width='128' \/>\t\t<\/div>\n\t\t\t\t<div class=\"elementor-post__text\">\n\t\t\t\t<h3 class=\"elementor-post__title\">\n\t\t\t<a href=\"https:\/\/www.politicom.ca\/fr\/2023\/04\/18\/haitians-abroad-exploring-the-role-of-the-diaspora-in-fostering-peace-security-and-democracy-in-haiti\/\" >\n\t\t\t\t<strong><em>Haitians Abroad: Exploring the role of the Diaspora in fostering peace, security and democracy in Haiti.<\/em><\/strong>\t\t\t<\/a>\n\t\t<\/h3>\n\t\t\t\t<div class=\"elementor-post__excerpt\">\n\t\t\t<p>The World Bank and the IMF convened civil society&nbsp;leaders in Washington D.C as the world faces unprecedented and interwoven challenges The World Bank and the<\/p>\n\t\t<\/div>\n\t\t\n\t\t<a class=\"elementor-post__read-more\" href=\"https:\/\/www.politicom.ca\/fr\/2023\/04\/18\/haitians-abroad-exploring-the-role-of-the-diaspora-in-fostering-peace-security-and-democracy-in-haiti\/\" aria-label=\"Read more about &lt;strong&gt;&lt;em&gt;Haitians Abroad: Exploring the role of the Diaspora in fostering peace, security and democracy in Haiti.&lt;\/em&gt;&lt;\/strong&gt;\" >\n\t\t\tRead More \u00bb\t\t<\/a>\n\n\t\t\t\t<\/div>\n\t\t\t\t<div class=\"elementor-post__meta-data\">\n\t\t\t\t\t<span class=\"elementor-post-date\">\n\t\t\tavril 18, 2023\t\t<\/span>\n\t\t\t\t<span class=\"elementor-post-avatar\">\n\t\t\tPas de commentaire\t\t<\/span>\n\t\t\t\t<\/div>\n\t\t\t\t\t<\/div>\n\t\t<\/article>\n\t\t\t\t<article class=\"elementor-post elementor-grid-item post-1580 post type-post status-publish format-standard has-post-thumbnail hentry category-stories entry\">\n\t\t\t<div class=\"elementor-post__card\">\n\t\t\t\t<a class=\"elementor-post__thumbnail__link\" href=\"https:\/\/www.politicom.ca\/fr\/2022\/11\/02\/pour-garder-sa-credibilite-sur-la-scene-internationale-le-canada-doit-cesser-dappuyer-les-elites-corrompues-dhaiti-copy\/\" ><div class=\"elementor-post__thumbnail\"><img loading=\"lazy\" decoding=\"async\" width=\"300\" height=\"169\" src=\"https:\/\/www.politicom.ca\/wp-content\/uploads\/2022\/11\/photo_1-300x169.jpeg\" class=\"attachment-medium size-medium wp-image-1584\" alt=\"\" srcset=\"https:\/\/www.politicom.ca\/wp-content\/uploads\/2022\/11\/photo_1-300x169.jpeg 300w, https:\/\/www.politicom.ca\/wp-content\/uploads\/2022\/11\/photo_1-18x10.jpeg 18w, https:\/\/www.politicom.ca\/wp-content\/uploads\/2022\/11\/photo_1.jpeg 680w\" sizes=\"(max-width: 34.9rem) calc(100vw - 2rem), (max-width: 53rem) calc(8 * (100vw \/ 12)), (min-width: 53rem) calc(6 * (100vw \/ 12)), 100vw\" \/><\/div><\/a>\n\t\t\t\t<div class=\"elementor-post__badge\">stories<\/div>\n\t\t\t\t<div class=\"elementor-post__avatar\">\n\t\t\t<img alt='cwd-dev' src='https:\/\/secure.gravatar.com\/avatar\/56b581cea9e491cddbef9f338965798e?s=128&#038;d=mm&#038;r=g' srcset='https:\/\/secure.gravatar.com\/avatar\/56b581cea9e491cddbef9f338965798e?s=256&#038;d=mm&#038;r=g 2x' class='avatar avatar-128 photo' height='128' width='128' \/>\t\t<\/div>\n\t\t\t\t<div class=\"elementor-post__text\">\n\t\t\t\t<h3 class=\"elementor-post__title\">\n\t\t\t<a href=\"https:\/\/www.politicom.ca\/fr\/2022\/11\/02\/pour-garder-sa-credibilite-sur-la-scene-internationale-le-canada-doit-cesser-dappuyer-les-elites-corrompues-dhaiti-copy\/\" >\n\t\t\t\t<strong><em>The World Bank and the IMF convened civil society\u00a0leaders in Washington D.C as the world faces unprecedented and interwoven challenges<\/em><\/strong>\t\t\t<\/a>\n\t\t<\/h3>\n\t\t\t\t<div class=\"elementor-post__excerpt\">\n\t\t\t\t\t<\/div>\n\t\t\n\t\t<a class=\"elementor-post__read-more\" href=\"https:\/\/www.politicom.ca\/fr\/2022\/11\/02\/pour-garder-sa-credibilite-sur-la-scene-internationale-le-canada-doit-cesser-dappuyer-les-elites-corrompues-dhaiti-copy\/\" aria-label=\"Read more about &lt;strong&gt;&lt;em&gt;The World Bank and the IMF convened civil society&nbsp;leaders in Washington D.C as the world faces unprecedented and interwoven challenges&lt;\/em&gt;&lt;\/strong&gt;\" >\n\t\t\tRead More \u00bb\t\t<\/a>\n\n\t\t\t\t<\/div>\n\t\t\t\t<div class=\"elementor-post__meta-data\">\n\t\t\t\t\t<span class=\"elementor-post-date\">\n\t\t\tnovembre 2, 2022\t\t<\/span>\n\t\t\t\t<span class=\"elementor-post-avatar\">\n\t\t\tPas de commentaire\t\t<\/span>\n\t\t\t\t<\/div>\n\t\t\t\t\t<\/div>\n\t\t<\/article>\n\t\t\t\t<article class=\"elementor-post elementor-grid-item post-1330 post type-post status-publish format-standard has-post-thumbnail hentry category-stories entry\">\n\t\t\t<div class=\"elementor-post__card\">\n\t\t\t\t<a class=\"elementor-post__thumbnail__link\" href=\"https:\/\/www.politicom.ca\/fr\/2019\/10\/01\/pour-garder-sa-credibilite-sur-la-scene-internationale-le-canada-doit-cesser-dappuyer-les-elites-corrompues-dhaiti\/\" ><div class=\"elementor-post__thumbnail\"><img loading=\"lazy\" decoding=\"async\" width=\"300\" height=\"200\" src=\"https:\/\/www.politicom.ca\/wp-content\/uploads\/2019\/09\/featured_image_first_blog-300x200.png\" class=\"attachment-medium size-medium wp-image-1167\" alt=\"\" srcset=\"https:\/\/www.politicom.ca\/wp-content\/uploads\/2019\/09\/featured_image_first_blog-300x200.png 300w, https:\/\/www.politicom.ca\/wp-content\/uploads\/2019\/09\/featured_image_first_blog-768x512.png 768w, https:\/\/www.politicom.ca\/wp-content\/uploads\/2019\/09\/featured_image_first_blog.png 960w\" sizes=\"(max-width: 34.9rem) calc(100vw - 2rem), (max-width: 53rem) calc(8 * (100vw \/ 12)), (min-width: 53rem) calc(6 * (100vw \/ 12)), 100vw\" \/><\/div><\/a>\n\t\t\t\t<div class=\"elementor-post__badge\">stories<\/div>\n\t\t\t\t<div class=\"elementor-post__avatar\">\n\t\t\t<img alt='John Miller Beauvoir' src='https:\/\/secure.gravatar.com\/avatar\/d8110170ac7e87b112286fc2f15809c3?s=128&#038;d=mm&#038;r=g' srcset='https:\/\/secure.gravatar.com\/avatar\/d8110170ac7e87b112286fc2f15809c3?s=256&#038;d=mm&#038;r=g 2x' class='avatar avatar-128 photo' height='128' width='128' \/>\t\t<\/div>\n\t\t\t\t<div class=\"elementor-post__text\">\n\t\t\t\t<h3 class=\"elementor-post__title\">\n\t\t\t<a href=\"https:\/\/www.politicom.ca\/fr\/2019\/10\/01\/pour-garder-sa-credibilite-sur-la-scene-internationale-le-canada-doit-cesser-dappuyer-les-elites-corrompues-dhaiti\/\" >\n\t\t\t\tPour garder sa cr\u00e9dibilit\u00e9 sur la sc\u00e8ne internationale, le Canada doit cesser d\u2019appuyer les \u00e9lites corrompues d\u2019Ha\u00efti\t\t\t<\/a>\n\t\t<\/h3>\n\t\t\t\t<div class=\"elementor-post__excerpt\">\n\t\t\t<p>Pour garder sa cr\u00e9dibilit\u00e9 sur la sc\u00e8ne internationale, le Canada doit cesser d\u2019appuyer les \u00e9lites corrompues d\u2019Ha\u00efti As the world marks the International Day of<\/p>\n\t\t<\/div>\n\t\t\n\t\t<a class=\"elementor-post__read-more\" href=\"https:\/\/www.politicom.ca\/fr\/2019\/10\/01\/pour-garder-sa-credibilite-sur-la-scene-internationale-le-canada-doit-cesser-dappuyer-les-elites-corrompues-dhaiti\/\" aria-label=\"Read more about Pour garder sa cr\u00e9dibilit\u00e9 sur la sc\u00e8ne internationale, le Canada doit cesser d\u2019appuyer les \u00e9lites corrompues d\u2019Ha\u00efti\" >\n\t\t\tRead More \u00bb\t\t<\/a>\n\n\t\t\t\t<\/div>\n\t\t\t\t<div class=\"elementor-post__meta-data\">\n\t\t\t\t\t<span class=\"elementor-post-date\">\n\t\t\toctobre 1, 2019\t\t<\/span>\n\t\t\t\t<span class=\"elementor-post-avatar\">\n\t\t\tPas de commentaire\t\t<\/span>\n\t\t\t\t<\/div>\n\t\t\t\t\t<\/div>\n\t\t<\/article>\n\t\t\t\t<article class=\"elementor-post elementor-grid-item post-1162 post type-post status-publish format-standard has-post-thumbnail hentry category-stories tag-democracy tag-diplomacy tag-haiti tag-haitian-american tag-politics entry\">\n\t\t\t<div class=\"elementor-post__card\">\n\t\t\t\t<a class=\"elementor-post__thumbnail__link\" href=\"https:\/\/www.politicom.ca\/fr\/2019\/09\/30\/as-the-world-marks-the-international-day-of-democracy-i-urge-the-international-community-to-heed-haitians-call-for-transparency-accountability-and-good-governance\/\" ><div class=\"elementor-post__thumbnail\"><img loading=\"lazy\" decoding=\"async\" width=\"300\" height=\"200\" src=\"https:\/\/www.politicom.ca\/wp-content\/uploads\/2019\/09\/featured_image_first_blog-300x200.png\" class=\"attachment-medium size-medium wp-image-1167\" alt=\"\" srcset=\"https:\/\/www.politicom.ca\/wp-content\/uploads\/2019\/09\/featured_image_first_blog-300x200.png 300w, https:\/\/www.politicom.ca\/wp-content\/uploads\/2019\/09\/featured_image_first_blog-768x512.png 768w, https:\/\/www.politicom.ca\/wp-content\/uploads\/2019\/09\/featured_image_first_blog.png 960w\" sizes=\"(max-width: 34.9rem) calc(100vw - 2rem), (max-width: 53rem) calc(8 * (100vw \/ 12)), (min-width: 53rem) calc(6 * (100vw \/ 12)), 100vw\" \/><\/div><\/a>\n\t\t\t\t<div class=\"elementor-post__badge\">stories<\/div>\n\t\t\t\t<div class=\"elementor-post__avatar\">\n\t\t\t<img alt='John Miller Beauvoir' src='https:\/\/secure.gravatar.com\/avatar\/d8110170ac7e87b112286fc2f15809c3?s=128&#038;d=mm&#038;r=g' srcset='https:\/\/secure.gravatar.com\/avatar\/d8110170ac7e87b112286fc2f15809c3?s=256&#038;d=mm&#038;r=g 2x' class='avatar avatar-128 photo' height='128' width='128' \/>\t\t<\/div>\n\t\t\t\t<div class=\"elementor-post__text\">\n\t\t\t\t<h3 class=\"elementor-post__title\">\n\t\t\t<a href=\"https:\/\/www.politicom.ca\/fr\/2019\/09\/30\/as-the-world-marks-the-international-day-of-democracy-i-urge-the-international-community-to-heed-haitians-call-for-transparency-accountability-and-good-governance\/\" >\n\t\t\t\tAs the world marks the International Day of Democracy, I urge the international community to heed Haitians\u2019 call for transparency, accountability and good governance\t\t\t<\/a>\n\t\t<\/h3>\n\t\t\t\t<div class=\"elementor-post__excerpt\">\n\t\t\t<p>As the world marks the International Day of Democracy, I urge the international community to heed Haitians\u2019 call for transparency, accountability and good governance \u2026<\/p>\n\t\t<\/div>\n\t\t\n\t\t<a class=\"elementor-post__read-more\" href=\"https:\/\/www.politicom.ca\/fr\/2019\/09\/30\/as-the-world-marks-the-international-day-of-democracy-i-urge-the-international-community-to-heed-haitians-call-for-transparency-accountability-and-good-governance\/\" aria-label=\"Read more about As the world marks the International Day of Democracy, I urge the international community to heed Haitians\u2019 call for transparency, accountability and good governance\" >\n\t\t\tRead More \u00bb\t\t<\/a>\n\n\t\t\t\t<\/div>\n\t\t\t\t<div class=\"elementor-post__meta-data\">\n\t\t\t\t\t<span class=\"elementor-post-date\">\n\t\t\tseptembre 30, 2019\t\t<\/span>\n\t\t\t\t<span class=\"elementor-post-avatar\">\n\t\t\tPas de commentaire\t\t<\/span>\n\t\t\t\t<\/div>\n\t\t\t\t\t<\/div>\n\t\t<\/article>\n\t\t\t\t<\/div>\n\t\t\n\t\t\t\t<\/div>\n\t\t\t\t<\/div>\n\t\t\t\t<div class=\"elementor-element elementor-element-78e432e elementor-widget elementor-widget-spacer\" data-id=\"78e432e\" data-element_type=\"widget\" data-widget_type=\"spacer.default\">\n\t\t\t\t<div class=\"elementor-widget-container\">\n\t\t\t\t\t<div class=\"elementor-spacer\">\n\t\t\t<div class=\"elementor-spacer-inner\"><\/div>\n\t\t<\/div>\n\t\t\t\t<\/div>\n\t\t\t\t<\/div>\n\t\t\t\t\t<\/div>\n\t\t<\/div>\n\t\t\t\t\t\t\t<\/div>\n\t\t<\/section>\n\t\t\t\t\t\t\t<\/div>","protected":false},"excerpt":{"rendered":"","protected":false},"author":1,"featured_media":0,"parent":0,"menu_order":0,"comment_status":"closed","ping_status":"closed","template":"elementor_canvas","meta":{"footnotes":""},"_links":{"self":[{"href":"https:\/\/www.politicom.ca\/fr\/wp-json\/wp\/v2\/pages\/460"}],"collection":[{"href":"https:\/\/www.politicom.ca\/fr\/wp-json\/wp\/v2\/pages"}],"about":[{"href":"https:\/\/www.politicom.ca\/fr\/wp-json\/wp\/v2\/types\/page"}],"author":[{"embeddable":true,"href":"https:\/\/www.politicom.ca\/fr\/wp-json\/wp\/v2\/users\/1"}],"replies":[{"embeddable":true,"href":"https:\/\/www.politicom.ca\/fr\/wp-json\/wp\/v2\/comments?post=460"}],"version-history":[{"count":3,"href":"https:\/\/www.politicom.ca\/fr\/wp-json\/wp\/v2\/pages\/460\/revisions"}],"predecessor-version":[{"id":894,"href":"https:\/\/www.politicom.ca\/fr\/wp-json\/wp\/v2\/pages\/460\/revisions\/894"}],"wp:attachment":[{"href":"https:\/\/www.politicom.ca\/fr\/wp-json\/wp\/v2\/media?parent=460"}],"curies":[{"name":"wp","href":"https:\/\/api.w.org\/{rel}","templated":true}]}}